{"id":14,"date":"2021-03-31T15:16:07","date_gmt":"2021-03-31T14:16:07","guid":{"rendered":"https:\/\/www.mielcafedesign.com\/limedesign\/?page_id=14"},"modified":"2021-05-19T15:32:07","modified_gmt":"2021-05-19T13:32:07","slug":"servizi","status":"publish","type":"page","link":"https:\/\/lisameschi.com\/it\/servizi\/","title":{"rendered":"Servizi"},"content":{"rendered":"<section id=\"section-2-14\" class=\" ct-section\" ><div class=\"ct-section-inner-wrap\"><div id=\"div_block-3-14\" class=\"ct-div-block\" ><\/div><div id=\"div_block-6-14\" class=\"ct-div-block\" ><h1 id=\"headline-4-14\" class=\"ct-headline\">I Miei Servizi<\/h1><\/div><div id=\"_rich_text-7-14\" class=\"oxy-rich-text\" ><p>Hai bisogno di un servizio linguistico ben preciso? Ecco come posso aiutarti!<\/p><\/div><div id=\"new_columns-8-14\" class=\"ct-new-columns\" ><div id=\"div_block-9-14\" class=\"ct-div-block\" ><div id=\"div_block-102-14\" class=\"ct-div-block\" ><div id=\"div_block-12-14\" class=\"ct-div-block portrait\" ><a id=\"link-128-14\" class=\"ct-link\" href=\"http:\/\/\"   ><img decoding=\"async\"  id=\"image-13-14\" alt=\"\" src=\"https:\/\/lisameschi.com\/it\/wp-content\/uploads\/sites\/2\/2021\/04\/Lisa-Meschi-Italian-Translator-Lettera-L-Pianta-Portapenne-Computer-Notebook.jpeg\" class=\"ct-image\"\/><\/a><\/div><\/div><div id=\"text_block-14-14\" class=\"ct-text-block\" >I.<\/div><h3 id=\"headline-16-14\" class=\"ct-headline\">Traduzioni<\/h3><a id=\"link_text-19-14\" class=\"ct-link-text\" href=\"https:\/\/lisameschi.com\/it\/servizi\/traduzione-inglese-italiano\/\"   >Dall\u2019inglese all\u2019italiano<\/a><a id=\"link_text-22-14\" class=\"ct-link-text\" href=\"https:\/\/lisameschi.com\/it\/servizi\/traduzione-spagnolo-italiano\/\"   >Dallo spagnolo all\u2019italiano<\/a><\/div><div id=\"div_block-10-14\" class=\"ct-div-block\" ><a id=\"div_block-98-14\" class=\"ct-link\" href=\"https:\/\/lisameschi.com\/it\/servizi\/revisione-testi\/\"   ><div id=\"div_block-24-14\" class=\"ct-div-block portrait\" ><img decoding=\"async\"  id=\"image-25-14\" alt=\"\" src=\"https:\/\/lisameschi.com\/it\/wp-content\/uploads\/sites\/2\/2021\/04\/Lisa-Meschi-Italian-Translator-Revisioni-Libro.jpeg\" class=\"ct-image\"\/><\/div><\/a><div id=\"text_block-27-14\" class=\"ct-text-block\" >II.<\/div><a id=\"link-32-14\" class=\"ct-link\" href=\"https:\/\/lisameschi.com\/it\/servizi\/revisione-testi\/\"   ><h3 id=\"headline-30-14\" class=\"ct-headline\">Revisioni<\/h3><\/a><div id=\"_rich_text-34-14\" class=\"oxy-rich-text\" >Di testi in italiano<\/div><\/div><div id=\"div_block-11-14\" class=\"ct-div-block\" ><a id=\"div_block-100-14\" class=\"ct-link\" href=\"https:\/\/lisameschi.com\/it\/servizi\/transcreation\/\"   ><div id=\"div_block-35-14\" class=\"ct-div-block portrait\" ><img decoding=\"async\"  id=\"image-36-14\" alt=\"\" src=\"https:\/\/lisameschi.com\/it\/wp-content\/uploads\/sites\/2\/2021\/04\/Lisa-Meschi-Italian-Translator-Scrivania-Libri-Computer-scaled-1.jpeg\" class=\"ct-image\"\/><\/div><\/a><div id=\"text_block-38-14\" class=\"ct-text-block\" >III.<\/div><a id=\"link-47-14\" class=\"ct-link\" href=\"https:\/\/lisameschi.com\/it\/servizi\/transcreation\/\"   ><h3 id=\"headline-41-14\" class=\"ct-headline\">Transcreation<\/h3><\/a><div id=\"_rich_text-44-14\" class=\"oxy-rich-text\" >Dall\u2019unione di translation e creation<\/div><\/div><\/div><\/div><\/section><section id=\"section-103-14\" class=\" ct-section\" ><div class=\"ct-section-inner-wrap\"><h6 id=\"headline-104-14\" class=\"ct-headline\">I miei settori<br><\/h6><div id=\"_rich_text-105-14\" class=\"oxy-rich-text\" ><p>Per occuparmi dei tuoi testi nel modo pi\u00f9 accurato possibile, lavoro solo negli ambiti di specializzazione nei quali sono pi\u00f9 esperta. Questo mi permette di assicurarti un risultato preciso, un lavoro ad hoc e tutte le competenze di cui hai bisogno.<\/p><\/div><div id=\"new_columns-106-14\" class=\"ct-new-columns\" ><div id=\"div_block-107-14\" class=\"ct-div-block\" ><a id=\"link-108-14\" class=\"ct-link\" href=\"https:\/\/lisameschi.com\/it\/settori-di-traduzione\/marketing\/\"   ><div id=\"div_block-109-14\" class=\"ct-div-block portrait\" ><img decoding=\"async\"  id=\"image-110-14\" alt=\"\" src=\"https:\/\/lisameschi.com\/it\/wp-content\/uploads\/sites\/2\/2021\/04\/Lisa-Meschi-Italian-Translator-Settori-Marketing.jpeg\" class=\"ct-image\"\/><\/div><\/a><div id=\"text_block-111-14\" class=\"ct-text-block\" >I.<\/div><a id=\"link-112-14\" class=\"ct-link\" href=\"https:\/\/lisameschi.com\/it\/settori-di-traduzione\/marketing\/\"   ><h3 id=\"headline-113-14\" class=\"ct-headline\">Marketing<\/h3><\/a><\/div><div id=\"div_block-114-14\" class=\"ct-div-block\" ><a id=\"link-115-14\" class=\"ct-link\" href=\"https:\/\/lisameschi.com\/it\/settori-di-traduzione\/turismo\/\"   ><div id=\"div_block-116-14\" class=\"ct-div-block portrait\" ><img decoding=\"async\"  id=\"image-117-14\" alt=\"\" src=\"https:\/\/lisameschi.com\/it\/wp-content\/uploads\/sites\/2\/2021\/04\/Lisa-Meschi-Italian-Translator-Settori-Turismo.jpeg\" class=\"ct-image\"\/><\/div><\/a><div id=\"text_block-118-14\" class=\"ct-text-block\" >II.<\/div><a id=\"link-119-14\" class=\"ct-link\" href=\"https:\/\/lisameschi.com\/it\/settori-di-traduzione\/turismo\/\"   ><h3 id=\"headline-120-14\" class=\"ct-headline\">Turismo<\/h3><\/a><\/div><div id=\"div_block-121-14\" class=\"ct-div-block\" ><a id=\"link-122-14\" class=\"ct-link\" href=\"https:\/\/lisameschi.com\/it\/settori-di-traduzione\/audiovisivo\/\"   ><div id=\"div_block-123-14\" class=\"ct-div-block portrait\" ><img decoding=\"async\"  id=\"image-124-14\" alt=\"\" src=\"https:\/\/lisameschi.com\/it\/wp-content\/uploads\/sites\/2\/2021\/04\/Lisa-Meschi-Italian-Translator-Settori-Audiovisivo.jpeg\" class=\"ct-image\"\/><\/div><\/a><div id=\"text_block-125-14\" class=\"ct-text-block\" >III.<\/div><a id=\"link-126-14\" class=\"ct-link\" href=\"https:\/\/lisameschi.com\/it\/settori-di-traduzione\/audiovisivo\/\"   ><h3 id=\"headline-127-14\" class=\"ct-headline\">Audiovisivo<\/h3><\/a><\/div><\/div><\/div><\/section><section id=\"section-25-9\" class=\" ct-section\" ><div class=\"ct-section-inner-wrap\"><div id=\"text_block-38-9\" class=\"ct-text-block\" >\"<\/div><link rel='stylesheet' id='oxygen-unslider-css'  href='https:\/\/lisameschi.com\/it\/wp-content\/plugins\/oxygen\/component-framework\/vendor\/unslider\/unslider.css' type='text\/css' media='all'\/><div id=\"slider-26-9\" class=\"ct-slider ct_unique_slider_6134\" ><div class=\"oxygen-unslider-container\"><ul><li><div id=\"slide-27-9\" class=\"ct-slide\" ><div id=\"_rich_text-33-9\" class=\"oxy-rich-text\" ><p>Lisa \u00e8 una traduttrice e post-editor fantastica. Lavoro con lei da oltre un anno e ancora mi sorprendono la qualit\u00e0 e la velocit\u00e0 con cui lavora. Ho collaborato con lei in tante occasioni, quindi sono sicura al 100% che assegnandole un lavoro ricever\u00f2 risultati di grande qualit\u00e0. \u00c8 incredibilmente veloce, estremamente produttiva, attenta ai dettagli e piena di entusiasmo.<\/p><\/div><div id=\"text_block-37-9\" class=\"ct-text-block\" >- Giulia Barbieri, Translator and Project Manager<\/div><\/div><\/li><li><div id=\"slide-13-40\" class=\"ct-slide\" ><div id=\"_rich_text-14-40\" class=\"oxy-rich-text\" ><p><span style=\"font-weight: 400;\">Quando Flo Health ha iniziato a ricreare il suo team di traduttori e revisori, siamo stati fortunati a trovare il profilo di Lisa su Proz.com. Lisa \u00e8 una traduttrice affidabile con grande esperienza nel settore Healthcare e nell\u2019utilizzo dei CAT e riesce a trasmettere perfettamente i messaggi dall\u2019inglese all\u2019italiano. Data l\u2019importanza dei nostri articoli sulla salute delle donne di tutto il mondo e il livello di sensibilit\u00e0 dei temi, era fondamentale trovare un professionista scrupoloso che seguisse le nostre severe linee guida e curasse al massimo la qualit\u00e0 del prodotto finale. Lisa \u00e8 stata la scelta migliore che abbiamo fatto finora. La consiglierei senza dubbio a tutti i suoi nuovi clienti.<\/span><\/p><\/div><div id=\"text_block-15-40\" class=\"ct-text-block\" >-&nbsp;Alexander Markevitch, Lead of Localization at Flo Health Inc.<\/div><\/div><\/li><li><div id=\"slide-17-40\" class=\"ct-slide\" ><div id=\"_rich_text-18-40\" class=\"oxy-rich-text\" ><p><span style=\"font-weight: 400;\">Perfetta dalla A alla Z. Gentile, veloce, disponibile, affidabile\u2026 Non ho niente da aggiungere se non un enorme \u201cGrazie\u201d!<\/span><\/p><\/div><div id=\"text_block-19-40\" class=\"ct-text-block\" >- Benoit Laurent, Chief Executive Officer at Worders<\/div><\/div><\/li><li><div id=\"slide-22-40\" class=\"ct-slide\" ><div id=\"_rich_text-23-40\" class=\"oxy-rich-text\" ><p><span style=\"font-weight: 400;\">Lisa mette tutte le sue energie nel lavoro. Ho creato con lei un bel clima di collaborazione per tutti i progetti che abbiamo realizzato. \u00c8 affidabile e credo abbia una grande reputazione tra i clienti con cui lavora. Sar\u00f2 felicissima di portare avanti la nostra collaborazione a lungo termine. EC Innovations offre servizi di localizzazione linguistica professionale in oltre 130 lingue e Lisa \u00e8 di grande aiuto per noi.<\/span><\/p><\/div><div id=\"text_block-24-40\" class=\"ct-text-block\" >- Claire Zhang, Translation Project Manager<\/div><\/div><\/li><li><div id=\"slide-27-40\" class=\"ct-slide\" ><div id=\"_rich_text-28-40\" class=\"oxy-rich-text\" ><p><span style=\"font-weight: 400;\">Lisa si \u00e8 dimostrata molto professionale quando ha lavorato per Global Alumni. Non solo ha fornito traduzioni di qualit\u00e0 eccellente, ma ha anche rispettato delle consegne piuttosto rigide consegnando ogni lavoro con puntualit\u00e0. Inoltre, conoscendo il suo modo di fare sappiamo di poter contare su di lei per tutti i progetti futuri. La consigliamo al 100%.<\/span><\/p><\/div><div id=\"text_block-29-40\" class=\"ct-text-block\" >-&nbsp;Cristina Ayuso, Translation Coordinator at Global Alumni<\/div><\/div><\/li><li><div id=\"slide-31-40\" class=\"ct-slide\" ><div id=\"_rich_text-32-40\" class=\"oxy-rich-text\" ><p><span style=\"font-weight: 400;\">Lisa \u00e8 affidabile e professionale e realizza sempre traduzioni eccellenti. \u00c8 un piacere lavorare con lei!<\/s\npan><\/p><\/div><div id=\"text_block-33-40\" class=\"ct-text-block\" >-&nbsp;Stefania Marinoni, English and Spanish to Italian translator<\/div><\/div><\/li><li><div id=\"slide-36-40\" class=\"ct-slide\" ><div id=\"_rich_text-37-40\" class=\"oxy-rich-text\" ><p><span style=\"font-weight: 400;\">Io e i miei colleghi abbiamo lavorato con Lisa a moltissimi progetti. \u00c8 molto seria nel suo lavoro e consegna sempre in modo puntuale, spesso addirittura in anticipo. Sa bene cosa vuol dire lavorare in modo professionale, le comunicazioni con lei sono semplicissime ed \u00e8 una grande traduttrice con cui collaborare. Consiglio vivamente di affidarsi a Lisa.<\/span><\/p><\/div><div id=\"text_block-38-40\" class=\"ct-text-block\" >-&nbsp;Hidaya Warsame, Translation Project Manager<\/div><\/div><\/li><\/ul><\/div><\/div><script class=\"ct-slider-script\">jQuery(document).ready(function($){$('#slider-26-9.ct_unique_slider_6134 .oxygen-unslider-container:not(.unslider-horizontal,.unslider-fade)').unslider({autoplay: false, delay: 3000, animation: 'fade', speed : 750, arrows: true, nav: false, infinite: false})});<\/script><\/div><\/section>","protected":false},"excerpt":{"rendered":"","protected":false},"author":1,"featured_media":0,"parent":0,"menu_order":0,"comment_status":"closed","ping_status":"closed","template":"","meta":{"_mi_skip_tracking":false},"yoast_head":"<!-- This site is optimized with the Yoast SEO plugin v19.13 - https:\/\/yoast.com\/wordpress\/plugins\/seo\/ -->\n<title>Servizi di Traduzione Professionale in Italiano \u2022 Lisa Meschi<\/title>\n<meta name=\"description\" content=\"Scopri di pi\u00f9 su tutti i miei servizi: traduzioni professionali dall&#039;inglese e dallo spagnolo all&#039;italiano, revisione di testi in italiano e transcreation.\" \/>\n<meta name=\"robots\" content=\"index, follow, max-snippet:-1, max-image-preview:large, max-video-preview:-1\" \/>\n<link rel=\"canonical\" href=\"https:\/\/lisameschi.com\/it\/servizi\/\" \/>\n<meta property=\"og:locale\" content=\"it_IT\" \/>\n<meta property=\"og:type\" content=\"article\" \/>\n<meta property=\"og:title\" content=\"Servizi di Traduzione Professionale in Italiano \u2022 Lisa Meschi\" \/>\n<meta property=\"og:description\" content=\"Scopri di pi\u00f9 su tutti i miei servizi: traduzioni professionali dall&#039;inglese e dallo spagnolo all&#039;italiano, revisione di testi in italiano e transcreation.\" \/>\n<meta property=\"og:url\" content=\"https:\/\/lisameschi.com\/it\/servizi\/\" \/>\n<meta property=\"og:site_name\" content=\"Lisa Meschi\" \/>\n<meta property=\"article:modified_time\" content=\"2021-05-19T13:32:07+00:00\" \/>\n<meta name=\"twitter:card\" content=\"summary_large_image\" \/>\n<script type=\"application\/ld+json\" class=\"yoast-schema-graph\">{\"@context\":\"https:\/\/schema.org\",\"@graph\":[{\"@type\":\"WebPage\",\"@id\":\"https:\/\/lisameschi.com\/it\/servizi\/\",\"url\":\"https:\/\/lisameschi.com\/it\/servizi\/\",\"name\":\"Servizi di Traduzione Professionale in Italiano \u2022 Lisa Meschi\",\"isPartOf\":{\"@id\":\"https:\/\/lisameschi.com\/it\/#website\"},\"datePublished\":\"2021-03-31T14:16:07+00:00\",\"dateModified\":\"2021-05-19T13:32:07+00:00\",\"description\":\"Scopri di pi\u00f9 su tutti i miei servizi: traduzioni professionali dall'inglese e dallo spagnolo all'italiano, revisione di testi in italiano e transcreation.\",\"breadcrumb\":{\"@id\":\"https:\/\/lisameschi.com\/it\/servizi\/#breadcrumb\"},\"inLanguage\":\"it-IT\",\"potentialAction\":[{\"@type\":\"ReadAction\",\"target\":[\"https:\/\/lisameschi.com\/it\/servizi\/\"]}]},{\"@type\":\"BreadcrumbList\",\"@id\":\"https:\/\/lisameschi.com\/it\/servizi\/#breadcrumb\",\"itemListElement\":[{\"@type\":\"ListItem\",\"position\":1,\"name\":\"Home\",\"item\":\"https:\/\/lisameschi.com\/it\/\"},{\"@type\":\"ListItem\",\"position\":2,\"name\":\"Servizi\"}]},{\"@type\":\"WebSite\",\"@id\":\"https:\/\/lisameschi.com\/it\/#website\",\"url\":\"https:\/\/lisameschi.com\/it\/\",\"name\":\"Lisa Meschi\",\"description\":\"Ecco un altro sito Lisa Meschi siti\",\"publisher\":{\"@id\":\"https:\/\/lisameschi.com\/it\/#organization\"},\"potentialAction\":[{\"@type\":\"SearchAction\",\"target\":{\"@type\":\"EntryPoint\",\"urlTemplate\":\"https:\/\/lisameschi.com\/it\/?s={search_term_string}\"},\"query-input\":\"required name=search_term_string\"}],\"inLanguage\":\"it-IT\"},{\"@type\":\"Organization\",\"@id\":\"https:\/\/lisameschi.com\/it\/#organization\",\"name\":\"Lisa Meschi\",\"url\":\"https:\/\/lisameschi.com\/it\/\",\"logo\":{\"@type\":\"ImageObject\",\"inLanguage\":\"it-IT\",\"@id\":\"https:\/\/lisameschi.com\/it\/#\/schema\/logo\/image\/\",\"url\":\"https:\/\/lisameschi.com\/it\/wp-content\/uploads\/sites\/2\/2021\/05\/MainLogo-HD.png\",\"contentUrl\":\"https:\/\/lisameschi.com\/it\/wp-content\/uploads\/sites\/2\/2021\/05\/MainLogo-HD.png\",\"width\":3000,\"height\":1608,\"caption\":\"Lisa Meschi\"},\"image\":{\"@id\":\"https:\/\/lisameschi.com\/it\/#\/schema\/logo\/image\/\"},\"sameAs\":[\"https:\/\/www.linkedin.com\/in\/lisa-meschi\"]}]}<\/script>\n<!-- \/ Yoast SEO plugin. -->","yoast_head_json":{"title":"Servizi di Traduzione Professionale in Italiano \u2022 Lisa Meschi","description":"Scopri di pi\u00f9 su tutti i miei servizi: traduzioni professionali dall'inglese e dallo spagnolo all'italiano, revisione di testi in italiano e transcreation.","robots":{"index":"index","follow":"follow","max-snippet":"max-snippet:-1","max-image-preview":"max-image-preview:large","max-video-preview":"max-video-preview:-1"},"canonical":"https:\/\/lisameschi.com\/it\/servizi\/","og_locale":"it_IT","og_type":"article","og_title":"Servizi di Traduzione Professionale in Italiano \u2022 Lisa Meschi","og_description":"Scopri di pi\u00f9 su tutti i miei servizi: traduzioni professionali dall'inglese e dallo spagnolo all'italiano, revisione di testi in italiano e transcreation.","og_url":"https:\/\/lisameschi.com\/it\/servizi\/","og_site_name":"Lisa Meschi","article_modified_time":"2021-05-19T13:32:07+00:00","twitter_card":"summary_large_image","schema":{"@context":"https:\/\/schema.org","@graph":[{"@type":"WebPage","@id":"https:\/\/lisameschi.com\/it\/servizi\/","url":"https:\/\/lisameschi.com\/it\/servizi\/","name":"Servizi di Traduzione Professionale in Italiano \u2022 Lisa Meschi","isPartOf":{"@id":"https:\/\/lisameschi.com\/it\/#website"},"datePublished":"2021-03-31T14:16:07+00:00","dateModified":"2021-05-19T13:32:07+00:00","description":"Scopri di pi\u00f9 su tutti i miei servizi: traduzioni professionali dall'inglese e dallo spagnolo all'italiano, revisione di testi in italiano e transcreation.","breadcrumb":{"@id":"https:\/\/lisameschi.com\/it\/servizi\/#breadcrumb"},"inLanguage":"it-IT","potentialAction":[{"@type":"ReadAction","target":["https:\/\/lisameschi.com\/it\/servizi\/"]}]},{"@type":"BreadcrumbList","@id":"https:\/\/lisameschi.com\/it\/servizi\/#breadcrumb","itemListElement":[{"@type":"ListItem","position":1,"name":"Home","item":"https:\/\/lisameschi.com\/it\/"},{"@type":"ListItem","position":2,"name":"Servizi"}]},{"@type":"WebSite","@id":"https:\/\/lisameschi.com\/it\/#website","url":"https:\/\/lisameschi.com\/it\/","name":"Lisa Meschi","description":"Ecco un altro sito Lisa Meschi siti","publisher":{"@id":"https:\/\/lisameschi.com\/it\/#organization"},"potentialAction":[{"@type":"SearchAction","target":{"@type":"EntryPoint","urlTemplate":"https:\/\/lisameschi.com\/it\/?s={search_term_string}"},"query-input":"required name=search_term_string"}],"inLanguage":"it-IT"},{"@type":"Organization","@id":"https:\/\/lisameschi.com\/it\/#organization","name":"Lisa Meschi","url":"https:\/\/lisameschi.com\/it\/","logo":{"@type":"ImageObject","inLanguage":"it-IT","@id":"https:\/\/lisameschi.com\/it\/#\/schema\/logo\/image\/","url":"https:\/\/lisameschi.com\/it\/wp-content\/uploads\/sites\/2\/2021\/05\/MainLogo-HD.png","contentUrl":"https:\/\/lisameschi.com\/it\/wp-content\/uploads\/sites\/2\/2021\/05\/MainLogo-HD.png","width":3000,"height":1608,"caption":"Lisa Meschi"},"image":{"@id":"https:\/\/lisameschi.com\/it\/#\/schema\/logo\/image\/"},"sameAs":["https:\/\/www.linkedin.com\/in\/lisa-meschi"]}]}},"_links":{"self":[{"href":"https:\/\/lisameschi.com\/it\/wp-json\/wp\/v2\/pages\/14"}],"collection":[{"href":"https:\/\/lisameschi.com\/it\/wp-json\/wp\/v2\/pages"}],"about":[{"href":"https:\/\/lisameschi.com\/it\/wp-json\/wp\/v2\/types\/page"}],"author":[{"embeddable":true,"href":"https:\/\/lisameschi.com\/it\/wp-json\/wp\/v2\/users\/1"}],"replies":[{"embeddable":true,"href":"https:\/\/lisameschi.com\/it\/wp-json\/wp\/v2\/comments?post=14"}],"version-history":[{"count":2,"href":"https:\/\/lisameschi.com\/it\/wp-json\/wp\/v2\/pages\/14\/revisions"}],"predecessor-version":[{"id":130,"href":"https:\/\/lisameschi.com\/it\/wp-json\/wp\/v2\/pages\/14\/revisions\/130"}],"wp:attachment":[{"href":"https:\/\/lisameschi.com\/it\/wp-json\/wp\/v2\/media?parent=14"}],"curies":[{"name":"wp","href":"https:\/\/api.w.org\/{rel}","templated":true}]}}