{"id":51,"date":"2021-04-07T15:35:31","date_gmt":"2021-04-07T14:35:31","guid":{"rendered":"https:\/\/www.mielcafedesign.com\/limedesign\/?page_id=51"},"modified":"2021-05-19T15:37:32","modified_gmt":"2021-05-19T13:37:32","slug":"revisione-testi","status":"publish","type":"page","link":"https:\/\/lisameschi.com\/it\/servizi\/revisione-testi\/","title":{"rendered":"Revisione testi"},"content":{"rendered":"<section id=\"section-2-47\" class=\" ct-section\" style=\"background-image:linear-gradient(rgba(246,246,246,0.8), rgba(246,246,246,0.8)), url(https:\/\/lisameschi.com\/it\/wp-content\/uploads\/sites\/2\/2021\/04\/Lisa-Meschi-Italian-Translator-Revisioni-Libro.jpeg);background-size:auto,  cover;\" ><div class=\"ct-section-inner-wrap\"><\/div><\/section><section id=\"section-3-47\" class=\" ct-section\" ><div class=\"ct-section-inner-wrap\"><div id=\"div_block-4-47\" class=\"ct-div-block\" ><div id=\"div_block-9-47\" class=\"ct-div-block\" ><h6 id=\"headline-5-47\" class=\"ct-headline\">Servizi<\/h6><\/div><h1 id=\"headline-7-47\" class=\"ct-headline\">Revisione di testi in italiano<\/h1><div id=\"div_block-11-47\" class=\"ct-div-block\" ><div id=\"_rich_text-12-47\" class=\"oxy-rich-text\" ><p><span style=\"font-weight: 400;\">Quasi ogni giorno mi vengono affidati dei testi che sono gi\u00e0 stati tradotti in italiano, ma che necessitano di perfezionamento sotto vari punti di vista. Se hai gi\u00e0 tradotto il tuo materiale ma vuoi aggiornarlo, ricontrollarlo, migliorare lo stile, ricontrollare la grafia e la struttura testuale, o semplicemente vuoi il parere di un altro professionista prima di pubblicarlo, questo servizio \u00e8 perfetto per te!<\/span><\/p><\/div><\/div><\/div><\/div><\/section><section id=\"section-13-47\" class=\" ct-section\" ><div class=\"ct-section-inner-wrap\"><h6 id=\"headline-14-47\" class=\"ct-headline\">Come funziona il mio servizio di revisione<\/h6><div id=\"_rich_text-18-47\" class=\"oxy-rich-text\" ><p><span style=\"font-weight: 400;\">Il servizio di revisione mi permette di lavorare a 360\u00b0 sui testi nella mia lingua per renderli ancora pi\u00f9 belli, scovare eventuali imprecisioni, sistemarli e riconsegnarteli pronti per l\u2019uso.<\/span><\/p><p><span style=\"font-weight: 400;\">Spesso si tratta di un servizio sottovalutato, ma invece \u00e8 fondamentale: quattro occhi sono meglio di due, e non vogliamo proprio rischiare di pubblicare testi pieni di errori, non \u00e8 vero?<\/span><\/p><\/div><div id=\"div_block-20-47\" class=\"ct-div-block\" ><a id=\"link_button-19-47\" class=\"ct-link-button\" href=\"\/it\/contatti\"   >contattami<\/a><\/div><\/div><\/section><section id=\"section-22-47\" class=\" ct-section\" ><div class=\"ct-section-inner-wrap\"><h6 id=\"headline-23-47\" class=\"ct-headline\">Il mio servizio di revisione \u00e8 perfetto per te se:<\/h6><div id=\"new_columns-26-47\" class=\"ct-new-columns\" ><div id=\"div_block-27-47\" class=\"ct-div-block\" ><div id=\"_rich_text-29-47\" class=\"oxy-rich-text elenco\" ><ul><li style=\"font-weight: 400;\" aria-level=\"1\"><span style=\"font-weight: 400;\">Hai gi\u00e0 tradotto i tuoi testi in italiano, ma non sei sicuro del risultato e preferisci avere una revisione professionale.<\/span><\/li><li style=\"font-weight: 400;\" aria-level=\"1\"><span style=\"font-weight: 400;\">Se sei un\u2019azienda o un professionista italiano che scrive i suoi testi ma che vuole essere affiancato\/a da una persona qualificata per perfezionarli e assicurarsi il risultato pi\u00f9 professionale possibile.<\/span><\/li><li><span style=\"font-weight: 400;\">Se hai notato che i tuoi testi non sono efficaci e vuoi un altro parere professionale per capire come risolvere il problema.<\/span><\/li><\/ul><\/div><\/div><div id=\"div_block-28-47\" class=\"ct-div-block\" ><div id=\"_rich_text-30-47\" class=\"oxy-rich-text elenco\" ><ul><li style=\"font-weight: 400;\" aria-level=\"1\"><span style=\"font-weight: 400;\">Se per te la precisione \u00e8 un pilastro del lavoro e hai capito che la comunicazione \u00e8 fondamentale e che rivedere i tuoi testi in italiano pu\u00f2 dare una spinta in pi\u00f9 al tuo business.<\/span><\/li><li style=\"font-weight: 400;\" aria-level=\"1\"><span style=\"font-weight: 400;\">Se hai dei testi in italiano che devi integrare con terminologia, slogan o parole chiave e hai bisogno di una professionista qualificata che si occupi di questi aspetti cos\u00ec delicati.<\/span><\/li><\/ul><\/div><\/div><\/div><\/div><\/section><section id=\"section-32-47\" class=\" ct-section\" ><div class=\"ct-section-inner-wrap\"><h3 id=\"headline-33-47\" class=\"ct-headline\">Hai ancora delle domande?<\/h3><h6 id=\"headline-35-47\" class=\"ct-headline\">provo a risponderti<\/h6><div id=\"div_block-44-47\" class=\"ct-div-block\" ><div id=\"_toggle-38-47\" class=\"oxy-toggle toggle-5118 toggle-5118-expanded\"  data-oxy-toggle-initial-state=\"open\" data-oxy-toggle-active-class=\"toggle-5118-expanded\" >\n\t\t\t<div class='oxy-expand-collapse-icon' href='#'><\/div>\n\t\t\t<div class='oxy-toggle-content'>\n                <h1 id=\"headline-39-47\" class=\"ct-headline\">Ho sempre avuto ottime capacit\u00e0 di scrittura e per questo ho scritto io i miei testi. Perch\u00e9 dovrei investire in una revisione, se sono sicuro di scrivere bene?<\/h1><div id=\"fancy_icon-41-47\" class=\"ct-fancy-icon\" ><svg id=\"svg-fancy_icon-41-47\"><use xlink:href=\"#Lineariconsicon-chevron-down\"><\/use><\/svg><\/div>\t\t\t<\/div>\n\t\t<\/div><div id=\"text_block-40-47\" class=\"ct-text-block\" >Chiedere una revisione non significa ammettere di non saper scrivere. Molto spesso il mio servizio di revisione \u00e8 richiesto da miei colleghi traduttori, e di certo non sono persone che non sanno scrivere! Anche nel mio mestiere, ci sono tanti casi in cui un secondo parere e una rilettura attenta sono letteralmente illuminanti. <br>Due occhi in pi\u00f9 scovano piccoli errori nascosti, notano una struttura poco scorrevole che pu\u00f2 essere migliorata, scoprono qualche errore di battitura che era sfuggito (credimi, a volte leggiamo i nostri testi cos\u00ec tante volte che ormai li conosciamo a memoria, e questo pu\u00f2 essere un problema!). Un cervello in pi\u00f9 pu\u00f2 dare ottime idee in quanto a struttura del testo, slogan pi\u00f9 accattivanti o suggerimenti stilistici.<br>Se prenoti un servizio di revisione non significa che non sai scrivere (o che non ti fidi di chi scrive per te), ma solo che sei una persona scrupolosa che ci tiene al suo lavoro!<br><\/div><\/div><div id=\"div_block-46-47\" class=\"ct-div-block\" ><div id=\"_toggle-47-47\" class=\"oxy-toggle toggle-5118 toggle-5118-expanded\"  data-oxy-toggle-initial-state=\"closed\" data-oxy-toggle-active-class=\"toggle-5118-expanded\" >\n\t\t\t<div class='oxy-expand-collapse-icon' href='#'><\/div>\n\t\t\t<div class='oxy-toggle-content'>\n                <h1 id=\"headline-48-47\" class=\"ct-headline\">Quanto costa il tuo servizio di revisione?<\/h1><div id=\"fancy_icon-49-47\" class=\"ct-fancy-icon\" ><svg id=\"svg-fancy_icon-49-47\"><use xlink:href=\"#Lineariconsicon-chevron-down\"><\/use><\/svg><\/div>\t\t\t<\/div>\n\t\t<\/div><div id=\"text_block-50-47\" class=\"ct-text-block\" >Il costo del mio servizio di revisione dipende da tanti fattori: tipo di testo, urgenza, tipo di revisione richiesta...<br>In base alla revisione richiesta, applico una tariffa a parola o a ore. Ma prima dobbiamo parlarne e chiarire quali sono le tue necessit\u00e0. <a href=\"\/it\/contatti\">Contattami<\/a> e se vuoi inviami subito i testi da revisionare: discuteremo del lavoro necessario e ti mander\u00f2 un preventivo dettagliato.<br><\/div><\/div><div id=\"div_block-53-47\" class=\"ct-div-block\" ><div id=\"_toggle-54-47\" class=\"oxy-toggle toggle-5118 toggle-5118-expanded\"  data-oxy-toggle-initial-state=\"closed\" data-oxy-toggle-active-class=\"toggle-5118-expanded\" >\n\t\t\t<div class='oxy-expand-collapse-icon' href='#'><\/div>\n\t\t\t<div class='oxy-toggle-content'>\n                <h1 id=\"headline-55-47\" class=\"ct-headline\">Se ho dei glossari o delle linee guida, puoi utilizzarle?<\/h1><div id=\"fancy_icon-56-47\" class=\"ct-fancy-icon\" ><svg id=\"svg-fancy_icon-56-47\"><use xlink:href=\"#Lineariconsicon-chevron-down\"><\/use><\/svg><\/div>\t\t\t<\/div>\n\t\t<\/div><div id=\"text_block-57-47\" class=\"ct-text-block\" >Certo che s\u00ec. Tutto il materiale utile per perfezionare i progetti \u00e8 il benvenuto nel mio ufficio! Se hai dei requisiti specifici, una terminologia ben definita, materiale di riferimento, memorie di traduzione o linee guida di qualsiasi tipo, sar\u00f2 ben felice di seguirli per svolgere il lavoro.<br><\/div><\/div><div id=\"div_block-60-47\" class=\"ct-div-block\" ><div id=\"_toggle-61-47\" class=\"oxy-toggle toggle-5118 toggle-5118-expanded\"  data-oxy-toggle-initial-state=\"closed\" data-oxy-toggle-active-class=\"toggle-5118-expanded\" >\n\t\t\t<div class='oxy-expand-collapse-icon' href='#'><\/div>\n\t\t\t<div class='oxy-toggle-content'>\n                <h1 id=\"headline-62-47\" class=\"ct-headline\">Ho bisogno di questo servizio, ma non ho ancora pronti i testi, non ho ben chiare le fasi del lavoro e ho bisogno di chiarimenti sulle tempistiche. Posso contattarti comunque?<\/h1><div id=\"fancy_icon-63-47\" class=\"ct-fancy-icon\" ><svg id=\"svg-fancy_icon-63-47\"><use xlink:href=\"#Lineariconsicon-chevron-down\"><\/use><\/svg><\/div>\t\t\t<\/div>\n\t\t<\/div><div id=\"text_block-64-47\" class=\"ct-text-block\" >Certo che s\u00ec. Vai alla pagina <a href=\"\/it\/contatti\">Contatti<\/a> e compila il modulo di contatto. Ti risponder\u00f2 appena possibile e ci sentiremo, cos\u00ec risponder\u00f2 a tutte le domande e potr\u00f2 chiarire tutti i tuoi dubbi prima di iniziare i lavori. \u00c8 sempre bene avere chiare tutte le fasi del lavoro, le tempistiche e le necessit\u00e0 di tutti.<br><\/div><\/div><\/div><\/section><section id=\"section-72-9\" class=\" ct-section\" ><div class=\"ct-section-inner-wrap\"><h6 id=\"headline-73-9\" class=\"ct-headline\">Vuoi saperne di pi\u00f9?<\/h6><div id=\"_rich_text-76-9\" class=\"oxy-rich-text\" ><p>Scrivimi subito! Ti risponder\u00f2 rapidamente con tutte le informazioni di cui hai bisogno.<\/p><\/div><div id=\"shortcode-77-9\" class=\"ct-shortcode contatto\" ><div class=\"wpcf7 no-js\" id=\"wpcf7-f39-o1\" lang=\"it-IT\" dir=\"ltr\">\n<div class=\"screen-reader-response\"><p role=\"status\" aria-live=\"polite\" aria-atomic=\"true\"><\/p> <ul><\/ul><\/div>\n<form action=\"\/it\/wp-json\/wp\/v2\/pages\/51#wpcf7-f39-o1\" method=\"post\" class=\"wpcf7-form init\" aria-label=\"Modulo di contatto\" enctype=\"multipart\/form-data\" novalidate=\"novalidate\" data-status=\"init\">\n<div style=\"display: none;\">\n<input type=\"hidden\" name=\"_wpcf7\" value=\"39\" \/>\n<input type=\"hidden\" name=\"_wpcf7_version\" value=\"5.7.2\" \/>\n<input type=\"hidden\" name=\"_wpcf7_locale\" value=\"it_IT\" \/>\n<input type=\"hidden\" name=\"_wpcf7_unit_tag\" value=\"wpcf7-f39-o1\" \/>\n<input type=\"hidden\" name=\"_wpcf7_container_post\" value=\"0\" \/>\n<input type=\"hidden\" name=\"_wpcf7_posted_data_hash\" value=\"\" \/>\n<input type=\"hidden\" name=\"_wpcf7_recaptcha_response\" value=\"\" \/>\n<\/div>\n<div class=\"primariga\">\n\t<div class=\"messaggio\">\n\t\t<p><span class=\"wpcf7-form-control-wrap\" data-name=\"your-name\"><input size=\"40\" class=\"wpcf7-form-control wpcf7-text wpcf7-validates-as-required\" aria-required=\"true\" aria-invalid=\"false\" placeholder=\"Il tuo nome*\" value=\"\" type=\"text\" name=\"your-name\" \/><\/span><br \/>\n<span class=\"wpcf7-form-control-wrap\" data-name=\"your-email\"><input size=\"40\" class=\"wpcf7-form-control wpcf7-text wpcf7-email wpcf7-validates-as-required wpcf7-validates-as-email\" aria-required=\"true\" aria-invalid=\"false\" placeholder=\"Il tuo indirizzo email*\" value=\"\" type=\"email\" name=\"your-email\" \/><\/span><br \/>\n<span class=\"wpcf7-form-control-wrap\" data-name=\"file-985\"><input size=\"40\" class=\"wpcf7-form-control wpcf7-file\" accept=\"audio\/*,video\/*,image\/*\" aria-invalid=\"false\" type=\"file\" name=\"file-985\" \/><\/span>\n\t\t<\/p>\n\t<\/div>\n\t<div class=\"messaggio\">\n\t\t<p><span class=\"wpcf7-form-control-wrap\" data-name=\"your-message\"><textarea cols=\"40\" rows=\"10\" class=\"wpcf7-form-control wpcf7-textarea wpcf7-validates-as-required\" aria-required=\"true\" aria-invalid=\"false\" placeholder=\"Il tuo messaggio*\" name=\"your-message\"><\/textarea><\/span>\n\t\t<\/p>\n\t<\/div>\n<\/div>\n<p class='accettazione'><span class=\"wpcf7-form-control-wrap\" data-name=\"acceptance-279\"><span class=\"wpcf7-form-control wpcf7-acceptance\"><span class=\"wpcf7-list-item\"><label><input type=\"checkbox\" name=\"acceptance-279\" value=\"1\" aria-invalid=\"false\" \/><span class=\"wpcf7-list-item-label\">Spunta questa casella per accettare i termini della mia <a href=\"\/it\/privacy-policy\">Privacy Policy<\/a>.<\/span><\/label><\/span><\/span><\/span>\n<\/p>\n<p class='invioemail'><button class=\"bottone-contatti button onwhite\">Invia il messaggio &raquo;<\/button>\n<\/p>\n<p style=\"display: none !important;\"><label>&#916;<textarea name=\"_wpcf7_ak_hp_textarea\" cols=\"45\" rows=\"8\" maxlength=\"100\"><\/textarea><\/label><input type=\"hidden\" id=\"ak_js_1\" name=\"_wpcf7_ak_js\" value=\"237\"\/><script>document.getElementById( \"ak_js_1\" ).setAttribute( \"value\", ( new Date() ).getTime() );<\/script><\/p><div class=\"wpcf7-response-output\" aria-hidden=\"true\"><\/div><\/form><\/div><\/div><\/div><\/section>","protected":false},"excerpt":{"rendered":"","protected":false},"author":1,"featured_media":0,"parent":14,"menu_order":0,"comment_status":"closed","ping_status":"closed","template":"","meta":{"_mi_skip_tracking":false},"yoast_head":"<!-- This site is optimized with the Yoast SEO plugin v19.13 - https:\/\/yoast.com\/wordpress\/plugins\/seo\/ -->\n<title>Servizio Revisione Testi Italiano \u2022 Lisa Meschi<\/title>\n<meta name=\"robots\" content=\"index, follow, max-snippet:-1, max-image-preview:large, max-video-preview:-1\" \/>\n<link rel=\"canonical\" href=\"https:\/\/lisameschi.com\/it\/servizi\/revisione-testi\/\" \/>\n<meta property=\"og:locale\" content=\"it_IT\" \/>\n<meta property=\"og:type\" content=\"article\" \/>\n<meta property=\"og:title\" content=\"Servizio Revisione Testi Italiano \u2022 Lisa Meschi\" \/>\n<meta property=\"og:url\" content=\"https:\/\/lisameschi.com\/it\/servizi\/revisione-testi\/\" \/>\n<meta property=\"og:site_name\" content=\"Lisa Meschi\" \/>\n<meta property=\"article:modified_time\" content=\"2021-05-19T13:37:32+00:00\" \/>\n<meta name=\"twitter:card\" content=\"summary_large_image\" \/>\n<script type=\"application\/ld+json\" class=\"yoast-schema-graph\">{\"@context\":\"https:\/\/schema.org\",\"@graph\":[{\"@type\":\"WebPage\",\"@id\":\"https:\/\/lisameschi.com\/it\/servizi\/revisione-testi\/\",\"url\":\"https:\/\/lisameschi.com\/it\/servizi\/revisione-testi\/\",\"name\":\"Servizio Revisione Testi Italiano \u2022 Lisa Meschi\",\"isPartOf\":{\"@id\":\"https:\/\/lisameschi.com\/it\/#website\"},\"datePublished\":\"2021-04-07T14:35:31+00:00\",\"dateModified\":\"2021-05-19T13:37:32+00:00\",\"breadcrumb\":{\"@id\":\"https:\/\/lisameschi.com\/it\/servizi\/revisione-testi\/#breadcrumb\"},\"inLanguage\":\"it-IT\",\"potentialAction\":[{\"@type\":\"ReadAction\",\"target\":[\"https:\/\/lisameschi.com\/it\/servizi\/revisione-testi\/\"]}]},{\"@type\":\"BreadcrumbList\",\"@id\":\"https:\/\/lisameschi.com\/it\/servizi\/revisione-testi\/#breadcrumb\",\"itemListElement\":[{\"@type\":\"ListItem\",\"position\":1,\"name\":\"Home\",\"item\":\"https:\/\/lisameschi.com\/it\/\"},{\"@type\":\"ListItem\",\"position\":2,\"name\":\"Servizi\",\"item\":\"https:\/\/lisameschi.com\/it\/servizi\/\"},{\"@type\":\"ListItem\",\"position\":3,\"name\":\"Revisione testi\"}]},{\"@type\":\"WebSite\",\"@id\":\"https:\/\/lisameschi.com\/it\/#website\",\"url\":\"https:\/\/lisameschi.com\/it\/\",\"name\":\"Lisa Meschi\",\"description\":\"Ecco un altro sito Lisa Meschi siti\",\"publisher\":{\"@id\":\"https:\/\/lisameschi.com\/it\/#organization\"},\"potentialAction\":[{\"@type\":\"SearchAction\",\"target\":{\"@type\":\"EntryPoint\",\"urlTemplate\":\"https:\/\/lisameschi.com\/it\/?s={search_term_string}\"},\"query-input\":\"required name=search_term_string\"}],\"inLanguage\":\"it-IT\"},{\"@type\":\"Organization\",\"@id\":\"https:\/\/lisameschi.com\/it\/#organization\",\"name\":\"Lisa Meschi\",\"url\":\"https:\/\/lisameschi.com\/it\/\",\"logo\":{\"@type\":\"ImageObject\",\"inLanguage\":\"it-IT\",\"@id\":\"https:\/\/lisameschi.com\/it\/#\/schema\/logo\/image\/\",\"url\":\"https:\/\/lisameschi.com\/it\/wp-content\/uploads\/sites\/2\/2021\/05\/MainLogo-HD.png\",\"contentUrl\":\"https:\/\/lisameschi.com\/it\/wp-content\/uploads\/sites\/2\/2021\/05\/MainLogo-HD.png\",\"width\":3000,\"height\":1608,\"caption\":\"Lisa Meschi\"},\"image\":{\"@id\":\"https:\/\/lisameschi.com\/it\/#\/schema\/logo\/image\/\"},\"sameAs\":[\"https:\/\/www.linkedin.com\/in\/lisa-meschi\"]}]}<\/script>\n<!-- \/ Yoast SEO plugin. -->","yoast_head_json":{"title":"Servizio Revisione Testi Italiano \u2022 Lisa Meschi","robots":{"index":"index","follow":"follow","max-snippet":"max-snippet:-1","max-image-preview":"max-image-preview:large","max-video-preview":"max-video-preview:-1"},"canonical":"https:\/\/lisameschi.com\/it\/servizi\/revisione-testi\/","og_locale":"it_IT","og_type":"article","og_title":"Servizio Revisione Testi Italiano \u2022 Lisa Meschi","og_url":"https:\/\/lisameschi.com\/it\/servizi\/revisione-testi\/","og_site_name":"Lisa Meschi","article_modified_time":"2021-05-19T13:37:32+00:00","twitter_card":"summary_large_image","schema":{"@context":"https:\/\/schema.org","@graph":[{"@type":"WebPage","@id":"https:\/\/lisameschi.com\/it\/servizi\/revisione-testi\/","url":"https:\/\/lisameschi.com\/it\/servizi\/revisione-testi\/","name":"Servizio Revisione Testi Italiano \u2022 Lisa Meschi","isPartOf":{"@id":"https:\/\/lisameschi.com\/it\/#website"},"datePublished":"2021-04-07T14:35:31+00:00","dateModified":"2021-05-19T13:37:32+00:00","breadcrumb":{"@id":"https:\/\/lisameschi.com\/it\/servizi\/revisione-testi\/#breadcrumb"},"inLanguage":"it-IT","potentialAction":[{"@type":"ReadAction","target":["https:\/\/lisameschi.com\/it\/servizi\/revisione-testi\/"]}]},{"@type":"BreadcrumbList","@id":"https:\/\/lisameschi.com\/it\/servizi\/revisione-testi\/#breadcrumb","itemListElement":[{"@type":"ListItem","position":1,"name":"Home","item":"https:\/\/lisameschi.com\/it\/"},{"@type":"ListItem","position":2,"name":"Servizi","item":"https:\/\/lisameschi.com\/it\/servizi\/"},{"@type":"ListItem","position":3,"name":"Revisione testi"}]},{"@type":"WebSite","@id":"https:\/\/lisameschi.com\/it\/#website","url":"https:\/\/lisameschi.com\/it\/","name":"Lisa Meschi","description":"Ecco un altro sito Lisa Meschi siti","publisher":{"@id":"https:\/\/lisameschi.com\/it\/#organization"},"potentialAction":[{"@type":"SearchAction","target":{"@type":"EntryPoint","urlTemplate":"https:\/\/lisameschi.com\/it\/?s={search_term_string}"},"query-input":"required name=search_term_string"}],"inLanguage":"it-IT"},{"@type":"Organization","@id":"https:\/\/lisameschi.com\/it\/#organization","name":"Lisa Meschi","url":"https:\/\/lisameschi.com\/it\/","logo":{"@type":"ImageObject","inLanguage":"it-IT","@id":"https:\/\/lisameschi.com\/it\/#\/schema\/logo\/image\/","url":"https:\/\/lisameschi.com\/it\/wp-content\/uploads\/sites\/2\/2021\/05\/MainLogo-HD.png","contentUrl":"https:\/\/lisameschi.com\/it\/wp-content\/uploads\/sites\/2\/2021\/05\/MainLogo-HD.png","width":3000,"height":1608,"caption":"Lisa Meschi"},"image":{"@id":"https:\/\/lisameschi.com\/it\/#\/schema\/logo\/image\/"},"sameAs":["https:\/\/www.linkedin.com\/in\/lisa-meschi"]}]}},"_links":{"self":[{"href":"https:\/\/lisameschi.com\/it\/wp-json\/wp\/v2\/pages\/51"}],"collection":[{"href":"https:\/\/lisameschi.com\/it\/wp-json\/wp\/v2\/pages"}],"about":[{"href":"https:\/\/lisameschi.com\/it\/wp-json\/wp\/v2\/types\/page"}],"author":[{"embeddable":true,"href":"https:\/\/lisameschi.com\/it\/wp-json\/wp\/v2\/users\/1"}],"replies":[{"embeddable":true,"href":"https:\/\/lisameschi.com\/it\/wp-json\/wp\/v2\/comments?post=51"}],"version-history":[{"count":2,"href":"https:\/\/lisameschi.com\/it\/wp-json\/wp\/v2\/pages\/51\/revisions"}],"predecessor-version":[{"id":132,"href":"https:\/\/lisameschi.com\/it\/wp-json\/wp\/v2\/pages\/51\/revisions\/132"}],"up":[{"embeddable":true,"href":"https:\/\/lisameschi.com\/it\/wp-json\/wp\/v2\/pages\/14"}],"wp:attachment":[{"href":"https:\/\/lisameschi.com\/it\/wp-json\/wp\/v2\/media?parent=51"}],"curies":[{"name":"wp","href":"https:\/\/api.w.org\/{rel}","templated":true}]}}