{"id":79,"date":"2021-03-31T15:12:57","date_gmt":"2021-03-31T14:12:57","guid":{"rendered":"https:\/\/www.mielcafedesign.com\/limedesign\/?page_id=9"},"modified":"2021-05-19T15:28:22","modified_gmt":"2021-05-19T13:28:22","slug":"lisa-meschi-design","status":"publish","type":"page","link":"https:\/\/lisameschi.com\/it\/","title":{"rendered":"Lisa Meschi"},"content":{"rendered":"<section id=\"section-2-9\" class=\" ct-section\" style=\"background-image:url(https:\/\/lisameschi.com\/it\/wp-content\/uploads\/sites\/2\/2021\/04\/Lisa-Meschi-Italian-Translator-Scrivania-Libri-Computer-scaled-1.jpeg);background-size: cover;\" ><div class=\"ct-section-inner-wrap\"><\/div><\/section><section id=\"section-3-9\" class=\" ct-section\" ><div class=\"ct-section-inner-wrap\"><div id=\"new_columns-4-9\" class=\"ct-new-columns\" ><div id=\"div_block-5-9\" class=\"ct-div-block\" ><div id=\"div_block-7-9\" class=\"ct-div-block\" ><div id=\"div_block-8-9\" class=\"ct-div-block portrait\" ><img decoding=\"async\"  id=\"image-9-9\" alt=\"\" src=\"https:\/\/lisameschi.com\/it\/wp-content\/uploads\/sites\/2\/2021\/04\/Lisa-Meschi-Italian-Translator-scaled-1.jpeg\" class=\"ct-image\"\/><\/div><div id=\"div_block-19-9\" class=\"ct-div-block\" ><\/div><\/div><\/div><div id=\"div_block-6-9\" class=\"ct-div-block\" ><div id=\"div_block-10-9\" class=\"ct-div-block\" ><h1 id=\"headline-11-9\" class=\"ct-headline\">Io sono Lisa e lavoro con le parole.<br><\/h1><\/div><div id=\"div_block-13-9\" class=\"ct-div-block\" ><h6 id=\"headline-16-9\" class=\"ct-headline\">Cosa faccio?<\/h6><div id=\"_rich_text-18-9\" class=\"oxy-rich-text\" ><p>Sono una <a href=\"https:\/\/lisameschi.com\/it\/servizi\/\">traduttrice dall\u2019inglese e dallo spagnolo all\u2019italiano<\/a>: cerco le parole giuste per riscrivere nella mia lingua i testi dei miei clienti, scegliendo con attenzione quelle che rispecchiano di pi\u00f9 il loro stile, il loro messaggio e i loro obiettivi.<\/p><p>Faccio anche <a href=\"https:\/\/lisameschi.com\/it\/servizi\/revisione-testi\/\">revisioni<\/a> di testi in italiano per perfezionarli, correggere eventuali imprecisioni, migliorare lo stile e renderli perfetti secondo le necessit\u00e0 del cliente.<\/p><p>Per i settori pi\u00f9 creativi, mi occupo anche di <a href=\"https:\/\/lisameschi.com\/it\/servizi\/transcreation\/\">transcreation<\/a>: un servizio ibrido che non consiste \u201csolo\u201d nel tradurre, ma soprattutto nel trasformare il testo per adattarlo alla mia cultura e modellarlo in base al suo utilizzo, ad esempio per creare un bellissimo slogan pubblicitario.<\/p><\/div><\/div><\/div><\/div><\/div><\/section><section id=\"section-21-9\" class=\" ct-section\" ><div class=\"ct-section-inner-wrap\"><h6 id=\"headline-22-9\" class=\"ct-headline\">Come lo faccio?<\/h6><div id=\"_rich_text-24-9\" class=\"oxy-rich-text\" ><p>Collaboro con aziende, agenzie e professionisti di vari settori. Loro mi affidano i loro testi inglesi e spagnoli e mi raccontano di cosa hanno bisogno, io li prendo in custodia e glieli riconsegno in una veste nuova in lingua italiana.<\/p>\r\n<p>Mi occupo di settori creativi: il <a href=\"https:\/\/lisameschi.com\/it\/settori-di-traduzione\/turismo\/\">turismo<\/a>, con testi coinvolgenti che fanno volare dall\u2019altra parte del mondo e raccontano di luoghi e culture lontane; il <a href=\"https:\/\/lisameschi.com\/it\/settori-di-traduzione\/marketing\/\">marketing<\/a>, con documenti che raccontano di prodotti e servizi interessanti da vendere in Italia e fanno conoscere le aziende e i professionisti stranieri nel nostro paese; l\u2019<a href=\"https:\/\/lisameschi.com\/it\/settori-di-traduzione\/audiovisivo\/\">audiovisivo<\/a>, con copioni che vengono poi doppiati per trasmettere il prodotto sulle televisioni italiane e con sottotitoli che permettono di vedere i video in lingua originale con un aiuto in pi\u00f9 nella nostra lingua.<\/p><\/div><\/div><\/section><section id=\"section-25-9\" class=\" ct-section\" ><div class=\"ct-section-inner-wrap\"><div id=\"text_block-38-9\" class=\"ct-text-block\" >\"<\/div><link rel='stylesheet' id='oxygen-unslider-css'  href='https:\/\/lisameschi.com\/it\/wp-content\/plugins\/oxygen\/component-framework\/vendor\/unslider\/unslider.css' type='text\/css' media='all'\/><div id=\"slider-26-9\" class=\"ct-slider ct_unique_slider_1009\" ><div class=\"oxygen-unslider-container\"><ul><li><div id=\"slide-27-9\" class=\"ct-slide\" ><div id=\"_rich_text-33-9\" class=\"oxy-rich-text\" ><p>Lisa \u00e8 una traduttrice e post-editor fantastica. Lavoro con lei da oltre un anno e ancora mi sorprendono la qualit\u00e0 e la velocit\u00e0 con cui lavora. Ho collaborato con lei in tante occasioni, quindi sono sicura al 100% che assegnandole un lavoro ricever\u00f2 risultati di grande qualit\u00e0. \u00c8 incredibilmente veloce, estremamente produttiva, attenta ai dettagli e piena di entusiasmo.<\/p><\/div><div id=\"text_block-37-9\" class=\"ct-text-block\" >- Giulia Barbieri, Translator and Project Manager<\/div><\/div><\/li><li><div id=\"slide-13-40\" class=\"ct-slide\" ><div id=\"_rich_text-14-40\" class=\"oxy-rich-text\" ><p><span style=\"font-weight: 400;\">Quando Flo Health ha iniziato a ricreare il suo team di traduttori e revisori, siamo stati fortunati a trovare il profilo di Lisa su Proz.com. Lisa \u00e8 una traduttrice affidabile con grande esperienza nel settore Healthcare e nell\u2019utilizzo dei CAT e riesce a trasmettere perfettamente i messaggi dall\u2019inglese all\u2019italiano. Data l\u2019importanza dei nostri articoli sulla salute delle donne di tutto il mondo e il livello di sensibilit\u00e0 dei temi, era fondamentale trovare un professionista scrupoloso che seguisse le nostre severe linee guida e curasse al massimo la qualit\u00e0 del prodotto finale. Lisa \u00e8 stata la scelta migliore che abbiamo fatto finora. La consiglierei senza dubbio a tutti i suoi nuovi clienti.<\/span><\/p><\/div><div id=\"text_block-15-40\" class=\"ct-text-block\" >-&nbsp;Alexander Markevitch, Lead of Localization at Flo Health Inc.<\/div><\/div><\/li><li><div id=\"slide-17-40\" class=\"ct-slide\" ><div id=\"_rich_text-18-40\" class=\"oxy-rich-text\" ><p><span style=\"font-weight: 400;\">Perfetta dalla A alla Z. Gentile, veloce, disponibile, affidabile\u2026 Non ho niente da aggiungere se non un enorme \u201cGrazie\u201d!<\/span><\/p><\/div><div id=\"text_block-19-40\" class=\"ct-text-block\" >- Benoit Laurent, Chief Executive Officer at Worders<\/div><\/div><\/li><li><div id=\"slide-22-40\" class=\"ct-slide\" ><div id=\"_rich_text-23-40\" class=\"oxy-rich-text\" ><p><span style=\"font-weight: 400;\">Lisa mette tutte le sue energie nel lavoro. Ho creato con lei un bel clima di collaborazione per tutti i progetti che abbiamo realizzato. \u00c8 affidabile e credo abbia una grande reputazione tra i clienti con cui lavora. Sar\u00f2 felicissima di portare avanti la nostra collaborazione a lungo termine. EC Innovations offre servizi di localizzazione linguistica professionale in oltre 130 lingue e Lisa \u00e8 di grande aiuto per noi.<\/span><\/p><\/div><div id=\"text_block-24-40\" class=\"ct-text-block\" >- Claire Zhang, Translation Project Manager<\/div><\/div><\/li><li><div id=\"slide-27-40\" class=\"ct-slide\" ><div id=\"_rich_text-28-40\" class=\"oxy-rich-text\" ><p><span style=\"font-weight: 400;\">Lisa si \u00e8 dimostrata molto professionale quando ha lavorato per Global Alumni. Non solo ha fornito traduzioni di qualit\u00e0 eccellente, ma ha anche rispettato delle consegne piuttosto rigide consegnando ogni lavoro con puntualit\u00e0. Inoltre, conoscendo il suo modo di fare sappiamo di poter contare su di lei per tutti i progetti futuri. La consigliamo al 100%.<\/span><\/p><\/div><div id=\"text_block-29-40\" class=\"ct-text-block\" >-&nbsp;Cristina Ayuso, Translation Coordinator at Global Alumni<\/div><\/div><\/li><li><div id=\"slide-31-40\" class=\"ct-slide\" ><div id=\"_rich_text-32-40\" class=\"oxy-rich-text\" ><p><span style=\"font-weight: 400;\">Lisa \u00e8 affidabile e professionale e realizza sempre traduzioni eccellenti. \u00c8 un piacere lavorare con lei!<\/s\npan><\/p><\/div><div id=\"text_block-33-40\" class=\"ct-text-block\" >-&nbsp;Stefania Marinoni, English and Spanish to Italian translator<\/div><\/div><\/li><li><div id=\"slide-36-40\" class=\"ct-slide\" ><div id=\"_rich_text-37-40\" class=\"oxy-rich-text\" ><p><span style=\"font-weight: 400;\">Io e i miei colleghi abbiamo lavorato con Lisa a moltissimi progetti. \u00c8 molto seria nel suo lavoro e consegna sempre in modo puntuale, spesso addirittura in anticipo. Sa bene cosa vuol dire lavorare in modo professionale, le comunicazioni con lei sono semplicissime ed \u00e8 una grande traduttrice con cui collaborare. Consiglio vivamente di affidarsi a Lisa.<\/span><\/p><\/div><div id=\"text_block-38-40\" class=\"ct-text-block\" >-&nbsp;Hidaya Warsame, Translation Project Manager<\/div><\/div><\/li><\/ul><\/div><\/div><script class=\"ct-slider-script\">jQuery(document).ready(function($){$('#slider-26-9.ct_unique_slider_1009 .oxygen-unslider-container:not(.unslider-horizontal,.unslider-fade)').unslider({autoplay: false, delay: 3000, animation: 'fade', speed : 750, arrows: true, nav: false, infinite: false})});<\/script><\/div><\/section><section id=\"section-43-9\" class=\" ct-section\" ><div class=\"ct-section-inner-wrap\"><div id=\"div_block-47-9\" class=\"ct-div-block\" ><h6 id=\"headline-44-9\" class=\"ct-headline\">i miei settori<\/h6><\/div><div id=\"new_columns-48-9\" class=\"ct-new-columns\" ><div id=\"div_block-49-9\" class=\"ct-div-block\" ><a id=\"div_block-79-79\" class=\"ct-link\" href=\"https:\/\/lisameschi.com\/it\/settori-di-traduzione\/marketing\/\"   ><div id=\"div_block-56-9\" class=\"ct-div-block\" ><div id=\"text_block-52-9\" class=\"ct-text-block\" >I.<\/div><h3 id=\"headline-54-9\" class=\"ct-headline\">Marketing<\/h3><\/div><\/a><\/div><div id=\"div_block-50-9\" class=\"ct-div-block\" ><a id=\"div_block-81-79\" class=\"ct-link\" href=\"https:\/\/lisameschi.com\/it\/settori-di-traduzione\/turismo\/\"   ><div id=\"div_block-58-9\" class=\"ct-div-block\" ><div id=\"text_block-59-9\" class=\"ct-text-block\" >II.<\/div><h3 id=\"headline-60-9\" class=\"ct-headline\">Turismo<\/h3><\/div><\/a><\/div><div id=\"div_block-51-9\" class=\"ct-div-block\" ><a id=\"div_block-83-79\" class=\"ct-link\" href=\"https:\/\/lisameschi.com\/it\/settori-di-traduzione\/audiovisivo\/\"   ><div id=\"div_block-62-9\" class=\"ct-div-block\" ><div id=\"text_block-63-9\" class=\"ct-text-block\" >III.<\/div><h3 id=\"headline-64-9\" class=\"ct-headline\">Audiovisivo<\/h3><\/div><\/a><\/div><\/div><a id=\"link_button-70-9\" class=\"ct-link-button\" href=\"https:\/\/lisameschi.com\/it\/settori-di-traduzione\/\" target=\"_self\"  >scopri come posso aiutarti<\/a><\/div><\/section><section id=\"section-72-9\" class=\" ct-section\" ><div class=\"ct-section-inner-wrap\"><h6 id=\"headline-73-9\" class=\"ct-headline\">Vuoi saperne di pi\u00f9?<\/h6><div id=\"_rich_text-76-9\" class=\"oxy-rich-text\" ><p>Scrivimi subito! Ti risponder\u00f2 rapidamente con tutte le informazioni di cui hai bisogno.<\/p><\/div><div id=\"shortcode-77-9\" class=\"ct-shortcode contatto\" ><div class=\"wpcf7 no-js\" id=\"wpcf7-f39-o1\" lang=\"it-IT\" dir=\"ltr\">\n<div class=\"screen-reader-response\"><p role=\"status\" aria-live=\"polite\" aria-atomic=\"true\"><\/p> <ul><\/ul><\/div>\n<form action=\"\/it\/wp-json\/wp\/v2\/pages\/79#wpcf7-f39-o1\" method=\"post\" class=\"wpcf7-form init\" aria-label=\"Modulo di contatto\" enctype=\"multipart\/form-data\" novalidate=\"novalidate\" data-status=\"init\">\n<div style=\"display: none;\">\n<input type=\"hidden\" name=\"_wpcf7\" value=\"39\" \/>\n<input type=\"hidden\" name=\"_wpcf7_version\" value=\"5.7.2\" \/>\n<input type=\"hidden\" name=\"_wpcf7_locale\" value=\"it_IT\" \/>\n<input type=\"hidden\" name=\"_wpcf7_unit_tag\" value=\"wpcf7-f39-o1\" \/>\n<input type=\"hidden\" name=\"_wpcf7_container_post\" value=\"0\" \/>\n<input type=\"hidden\" name=\"_wpcf7_posted_data_hash\" value=\"\" \/>\n<input type=\"hidden\" name=\"_wpcf7_recaptcha_response\" value=\"\" \/>\n<\/div>\n<div class=\"primariga\">\n\t<div class=\"messaggio\">\n\t\t<p><span class=\"wpcf7-form-control-wrap\" data-name=\"your-name\"><input size=\"40\" class=\"wpcf7-form-control wpcf7-text wpcf7-validates-as-required\" aria-required=\"true\" aria-invalid=\"false\" placeholder=\"Il tuo nome*\" value=\"\" type=\"text\" name=\"your-name\" \/><\/span><br \/>\n<span class=\"wpcf7-form-control-wrap\" data-name=\"your-email\"><input size=\"40\" class=\"wpcf7-form-control wpcf7-text wpcf7-email wpcf7-validates-as-required wpcf7-validates-as-email\" aria-required=\"true\" aria-invalid=\"false\" placeholder=\"Il tuo indirizzo email*\" value=\"\" type=\"email\" name=\"your-email\" \/><\/span><br \/>\n<span class=\"wpcf7-form-control-wrap\" data-name=\"file-985\"><input size=\"40\" class=\"wpcf7-form-control wpcf7-file\" accept=\"audio\/*,video\/*,image\/*\" aria-invalid=\"false\" type=\"file\" name=\"file-985\" \/><\/span>\n\t\t<\/p>\n\t<\/div>\n\t<div class=\"messaggio\">\n\t\t<p><span class=\"wpcf7-form-control-wrap\" data-name=\"your-message\"><textarea cols=\"40\" rows=\"10\" class=\"wpcf7-form-control wpcf7-textarea wpcf7-validates-as-required\" aria-required=\"true\" aria-invalid=\"false\" placeholder=\"Il tuo messaggio*\" name=\"your-message\"><\/textarea><\/span>\n\t\t<\/p>\n\t<\/div>\n<\/div>\n<p class='accettazione'><span class=\"wpcf7-form-control-wrap\" data-name=\"acceptance-279\"><span class=\"wpcf7-form-control wpcf7-acceptance\"><span class=\"wpcf7-list-item\"><label><input type=\"checkbox\" name=\"acceptance-279\" value=\"1\" aria-invalid=\"false\" \/><span class=\"wpcf7-list-item-label\">Spunta questa casella per accettare i termini della mia <a href=\"\/it\/privacy-policy\">Privacy Policy<\/a>.<\/span><\/label><\/span><\/span><\/span>\n<\/p>\n<p class='invioemail'><button class=\"bottone-contatti button onwhite\">Invia il messaggio &raquo;<\/button>\n<\/p>\n<p style=\"display: none !important;\"><label>&#916;<textarea name=\"_wpcf7_ak_hp_textarea\" cols=\"45\" rows=\"8\" maxlength=\"100\"><\/textarea><\/label><input type=\"hidden\" id=\"ak_js_1\" name=\"_wpcf7_ak_js\" value=\"213\"\/><script>document.getElementById( \"ak_js_1\" ).setAttribute( \"value\", ( new Date() ).getTime() );<\/script><\/p><div class=\"wpcf7-response-output\" aria-hidden=\"true\"><\/div><\/form><\/div><\/div><\/div><\/section>","protected":false},"excerpt":{"rendered":"","protected":false},"author":1,"featured_media":0,"parent":0,"menu_order":0,"comment_status":"closed","ping_status":"closed","template":"","meta":{"_mi_skip_tracking":false},"yoast_head":"<!-- This site is optimized with the Yoast SEO plugin v19.13 - https:\/\/yoast.com\/wordpress\/plugins\/seo\/ -->\n<title>Traduzioni da Inglese\/Spagnolo a Italiano \u2022 Lisa Meschi<\/title>\n<meta name=\"description\" content=\"Sono una traduttrice dall&#039;inglese e spagnolo all&#039;italiano. Faccio inoltre revisioni di testi in italiano. Per i settori pi\u00f9 creativi, mi occupo anche di transcreation.\" \/>\n<meta name=\"robots\" content=\"index, follow, max-snippet:-1, max-image-preview:large, max-video-preview:-1\" \/>\n<link rel=\"canonical\" href=\"https:\/\/lisameschi.com\/it\/\" \/>\n<meta property=\"og:locale\" content=\"it_IT\" \/>\n<meta property=\"og:type\" content=\"article\" \/>\n<meta property=\"og:title\" content=\"Traduzioni da Inglese\/Spagnolo a Italiano \u2022 Lisa Meschi\" \/>\n<meta property=\"og:description\" content=\"Sono una traduttrice dall&#039;inglese e spagnolo all&#039;italiano. Faccio inoltre revisioni di testi in italiano. Per i settori pi\u00f9 creativi, mi occupo anche di transcreation.\" \/>\n<meta property=\"og:url\" content=\"https:\/\/lisameschi.com\/it\/\" \/>\n<meta property=\"og:site_name\" content=\"Lisa Meschi\" \/>\n<meta property=\"article:modified_time\" content=\"2021-05-19T13:28:22+00:00\" \/>\n<meta name=\"twitter:card\" content=\"summary_large_image\" \/>\n<script type=\"application\/ld+json\" class=\"yoast-schema-graph\">{\"@context\":\"https:\/\/schema.org\",\"@graph\":[{\"@type\":\"WebPage\",\"@id\":\"https:\/\/lisameschi.com\/it\/\",\"url\":\"https:\/\/lisameschi.com\/it\/\",\"name\":\"Traduzioni da Inglese\/Spagnolo a Italiano \u2022 Lisa Meschi\",\"isPartOf\":{\"@id\":\"https:\/\/lisameschi.com\/it\/#website\"},\"datePublished\":\"2021-03-31T14:12:57+00:00\",\"dateModified\":\"2021-05-19T13:28:22+00:00\",\"description\":\"Sono una traduttrice dall'inglese e spagnolo all'italiano. Faccio inoltre revisioni di testi in italiano. Per i settori pi\u00f9 creativi, mi occupo anche di transcreation.\",\"breadcrumb\":{\"@id\":\"https:\/\/lisameschi.com\/it\/#breadcrumb\"},\"inLanguage\":\"it-IT\",\"potentialAction\":[{\"@type\":\"ReadAction\",\"target\":[\"https:\/\/lisameschi.com\/it\/\"]}]},{\"@type\":\"BreadcrumbList\",\"@id\":\"https:\/\/lisameschi.com\/it\/#breadcrumb\",\"itemListElement\":[{\"@type\":\"ListItem\",\"position\":1,\"name\":\"Home\",\"item\":\"https:\/\/lisameschi.com\/it\/\"},{\"@type\":\"ListItem\",\"position\":2,\"name\":\"Lisa Meschi\"}]},{\"@type\":\"WebSite\",\"@id\":\"https:\/\/lisameschi.com\/it\/#website\",\"url\":\"https:\/\/lisameschi.com\/it\/\",\"name\":\"Lisa Meschi\",\"description\":\"Ecco un altro sito Lisa Meschi siti\",\"publisher\":{\"@id\":\"https:\/\/lisameschi.com\/it\/#organization\"},\"potentialAction\":[{\"@type\":\"SearchAction\",\"target\":{\"@type\":\"EntryPoint\",\"urlTemplate\":\"https:\/\/lisameschi.com\/it\/?s={search_term_string}\"},\"query-input\":\"required name=search_term_string\"}],\"inLanguage\":\"it-IT\"},{\"@type\":\"Organization\",\"@id\":\"https:\/\/lisameschi.com\/it\/#organization\",\"name\":\"Lisa Meschi\",\"url\":\"https:\/\/lisameschi.com\/it\/\",\"logo\":{\"@type\":\"ImageObject\",\"inLanguage\":\"it-IT\",\"@id\":\"https:\/\/lisameschi.com\/it\/#\/schema\/logo\/image\/\",\"url\":\"https:\/\/lisameschi.com\/it\/wp-content\/uploads\/sites\/2\/2021\/05\/MainLogo-HD.png\",\"contentUrl\":\"https:\/\/lisameschi.com\/it\/wp-content\/uploads\/sites\/2\/2021\/05\/MainLogo-HD.png\",\"width\":3000,\"height\":1608,\"caption\":\"Lisa Meschi\"},\"image\":{\"@id\":\"https:\/\/lisameschi.com\/it\/#\/schema\/logo\/image\/\"},\"sameAs\":[\"https:\/\/www.linkedin.com\/in\/lisa-meschi\"]}]}<\/script>\n<!-- \/ Yoast SEO plugin. -->","yoast_head_json":{"title":"Traduzioni da Inglese\/Spagnolo a Italiano \u2022 Lisa Meschi","description":"Sono una traduttrice dall'inglese e spagnolo all'italiano. Faccio inoltre revisioni di testi in italiano. Per i settori pi\u00f9 creativi, mi occupo anche di transcreation.","robots":{"index":"index","follow":"follow","max-snippet":"max-snippet:-1","max-image-preview":"max-image-preview:large","max-video-preview":"max-video-preview:-1"},"canonical":"https:\/\/lisameschi.com\/it\/","og_locale":"it_IT","og_type":"article","og_title":"Traduzioni da Inglese\/Spagnolo a Italiano \u2022 Lisa Meschi","og_description":"Sono una traduttrice dall'inglese e spagnolo all'italiano. Faccio inoltre revisioni di testi in italiano. Per i settori pi\u00f9 creativi, mi occupo anche di transcreation.","og_url":"https:\/\/lisameschi.com\/it\/","og_site_name":"Lisa Meschi","article_modified_time":"2021-05-19T13:28:22+00:00","twitter_card":"summary_large_image","schema":{"@context":"https:\/\/schema.org","@graph":[{"@type":"WebPage","@id":"https:\/\/lisameschi.com\/it\/","url":"https:\/\/lisameschi.com\/it\/","name":"Traduzioni da Inglese\/Spagnolo a Italiano \u2022 Lisa Meschi","isPartOf":{"@id":"https:\/\/lisameschi.com\/it\/#website"},"datePublished":"2021-03-31T14:12:57+00:00","dateModified":"2021-05-19T13:28:22+00:00","description":"Sono una traduttrice dall'inglese e spagnolo all'italiano. Faccio inoltre revisioni di testi in italiano. Per i settori pi\u00f9 creativi, mi occupo anche di transcreation.","breadcrumb":{"@id":"https:\/\/lisameschi.com\/it\/#breadcrumb"},"inLanguage":"it-IT","potentialAction":[{"@type":"ReadAction","target":["https:\/\/lisameschi.com\/it\/"]}]},{"@type":"BreadcrumbList","@id":"https:\/\/lisameschi.com\/it\/#breadcrumb","itemListElement":[{"@type":"ListItem","position":1,"name":"Home","item":"https:\/\/lisameschi.com\/it\/"},{"@type":"ListItem","position":2,"name":"Lisa Meschi"}]},{"@type":"WebSite","@id":"https:\/\/lisameschi.com\/it\/#website","url":"https:\/\/lisameschi.com\/it\/","name":"Lisa Meschi","description":"Ecco un altro sito Lisa Meschi siti","publisher":{"@id":"https:\/\/lisameschi.com\/it\/#organization"},"potentialAction":[{"@type":"SearchAction","target":{"@type":"EntryPoint","urlTemplate":"https:\/\/lisameschi.com\/it\/?s={search_term_string}"},"query-input":"required name=search_term_string"}],"inLanguage":"it-IT"},{"@type":"Organization","@id":"https:\/\/lisameschi.com\/it\/#organization","name":"Lisa Meschi","url":"https:\/\/lisameschi.com\/it\/","logo":{"@type":"ImageObject","inLanguage":"it-IT","@id":"https:\/\/lisameschi.com\/it\/#\/schema\/logo\/image\/","url":"https:\/\/lisameschi.com\/it\/wp-content\/uploads\/sites\/2\/2021\/05\/MainLogo-HD.png","contentUrl":"https:\/\/lisameschi.com\/it\/wp-content\/uploads\/sites\/2\/2021\/05\/MainLogo-HD.png","width":3000,"height":1608,"caption":"Lisa Meschi"},"image":{"@id":"https:\/\/lisameschi.com\/it\/#\/schema\/logo\/image\/"},"sameAs":["https:\/\/www.linkedin.com\/in\/lisa-meschi"]}]}},"_links":{"self":[{"href":"https:\/\/lisameschi.com\/it\/wp-json\/wp\/v2\/pages\/79"}],"collection":[{"href":"https:\/\/lisameschi.com\/it\/wp-json\/wp\/v2\/pages"}],"about":[{"href":"https:\/\/lisameschi.com\/it\/wp-json\/wp\/v2\/types\/page"}],"author":[{"embeddable":true,"href":"https:\/\/lisameschi.com\/it\/wp-json\/wp\/v2\/users\/1"}],"replies":[{"embeddable":true,"href":"https:\/\/lisameschi.com\/it\/wp-json\/wp\/v2\/comments?post=79"}],"version-history":[{"count":1,"href":"https:\/\/lisameschi.com\/it\/wp-json\/wp\/v2\/pages\/79\/revisions"}],"predecessor-version":[{"id":126,"href":"https:\/\/lisameschi.com\/it\/wp-json\/wp\/v2\/pages\/79\/revisions\/126"}],"wp:attachment":[{"href":"https:\/\/lisameschi.com\/it\/wp-json\/wp\/v2\/media?parent=79"}],"curies":[{"name":"wp","href":"https:\/\/api.w.org\/{rel}","templated":true}]}}